{"id":9018,"date":"2022-03-04T16:33:49","date_gmt":"2022-03-04T15:33:49","guid":{"rendered":"https:\/\/imperio.ch\/?page_id=9018"},"modified":"2022-03-07T16:31:41","modified_gmt":"2022-03-07T15:31:41","slug":"credit-personnel-ou-leasing","status":"publish","type":"page","link":"https:\/\/imperio.ch\/pt\/credit-personnel-ou-leasing\/","title":{"rendered":"Blog &#8211; Cr\u00e9dit personnel ou leasing?"},"content":{"rendered":"<p>[et_pb_section fb_built=&#8221;1&#8243; _builder_version=&#8221;4.6.0&#8243; _module_preset=&#8221;default&#8221; locked=&#8221;off&#8221; global_colors_info=&#8221;{}&#8221;][et_pb_row _builder_version=&#8221;4.6.0&#8243; _module_preset=&#8221;default&#8221; global_colors_info=&#8221;{}&#8221;][et_pb_column type=&#8221;4_4&#8243; _builder_version=&#8221;4.6.0&#8243; _module_preset=&#8221;default&#8221; global_colors_info=&#8221;{}&#8221;][et_pb_divider show_divider=&#8221;off&#8221; _builder_version=&#8221;4.7.1&#8243; _module_preset=&#8221;default&#8221; height=&#8221;50px&#8221; height_tablet=&#8221;&#8221; height_phone=&#8221;30px&#8221; height_last_edited=&#8221;on|phone&#8221; global_colors_info=&#8221;{}&#8221;][\/et_pb_divider][\/et_pb_column][\/et_pb_row][\/et_pb_section][et_pb_section fb_built=&#8221;1&#8243; _builder_version=&#8221;4.6.0&#8243; _module_preset=&#8221;default&#8221; locked=&#8221;off&#8221; collapsed=&#8221;off&#8221; global_colors_info=&#8221;{}&#8221;][et_pb_row _builder_version=&#8221;4.6.0&#8243; _module_preset=&#8221;default&#8221; global_colors_info=&#8221;{}&#8221;][et_pb_column type=&#8221;4_4&#8243; _builder_version=&#8221;4.6.0&#8243; _module_preset=&#8221;default&#8221; global_colors_info=&#8221;{}&#8221;][et_pb_image src=&#8221;https:\/\/imperio.ch\/wp-content\/uploads\/2020\/09\/credito-leasing-tete-1.png&#8221; title_text=&#8221;credito leasing tete&#8221; _builder_version=&#8221;4.14.8&#8243; _module_preset=&#8221;default&#8221; global_colors_info=&#8221;{}&#8221;][\/et_pb_image][et_pb_text admin_label=&#8221;credito pessoal&#8221; _builder_version=&#8221;4.14.8&#8243; text_font_size=&#8221;16px&#8221; header_text_color=&#8221;#5E5E5E&#8221; header_2_text_color=&#8221;#5e5e5e&#8221; custom_margin=&#8221;29px||-30px|||&#8221; custom_padding=&#8221;0px||0px|||&#8221; border_style_all=&#8221;solid&#8221; border_style=&#8221;solid&#8221; locked=&#8221;off&#8221; global_colors_info=&#8221;{}&#8221;]<\/p>\n<h1 class=\"entry-title\"><strong>CR\u00c9DIT PERSONNEL OU LEASING ?<\/strong><\/h1>\n<p><strong>Saviez-vous que contracter un cr\u00e9dit personnel \u00e0 la place d&#8217;un leasing vous permet de r\u00e9duire le montant de vos imp\u00f4ts ?<\/strong><\/p>\n<p>[\/et_pb_text][et_pb_text _builder_version=&#8221;4.14.8&#8243; _module_preset=&#8221;default&#8221; text_font=&#8221;||||||||&#8221; text_font_size=&#8221;16px&#8221; text_line_height=&#8221;1.8em&#8221; header_2_text_color=&#8221;#5e5e5e&#8221; text_orientation=&#8221;justified&#8221; custom_margin=&#8221;||-6px|||&#8221; global_colors_info=&#8221;{}&#8221;]<\/p>\n<p>&nbsp;<\/p>\n<p><strong><\/strong><\/p>\n<p>Si vous avez un contrat de cr\u00e9dit personnel en cours, cela signifie que vous vous \u00eates engag\u00e9 \u00e0 payer un montant minimum fixe chaque mois. Ce montant est compos\u00e9 de 2 \u00e9l\u00e9ments : le remboursement du montant pr\u00eat et les int\u00e9r\u00eats. Ces int\u00e9r\u00eats sont d\u00e9ductibles de vos imp\u00f4ts contrairement aux int\u00e9r\u00eats du leasing.<\/p>\n<p>Un cas concret : acheter une voiture avec un cr\u00e9dit personnel ou en leasing ?<\/p>\n<p>Vous allez acheter une voiture et vous h\u00e9sitez entre un cr\u00e9dit personnel et le leasing ? Il est vrai que le leasing offre th\u00e9oriquement un meilleur taux d&#8217;int\u00e9r\u00eat mais il faut toujours ajouter la TVA (taxe sur la valeur ajout\u00e9e) et, contrairement au cr\u00e9dit, les int\u00e9r\u00eats ne peuvent pas \u00eatre d\u00e9duits des imp\u00f4ts.<\/p>\n<p>Dans le cas des cr\u00e9dits personnels, il existe plusieurs avantages :<\/p>\n<p>1 &#8211; Vous n&#8217;avez pas besoin de verser un acompte initial alors qu&#8217;avec un leasing, \u00e7a peut aller jusqu&#8217;\u00e0 25% de la valeur du v\u00e9hicule ;<\/p>\n<p>2 &#8211; Vous \u00eates le propri\u00e9taire de la voiture depuis le moment de l&#8217;achat et vous pouvez la vendre quand vous voulez, alors que dans le cas du leasing, le propri\u00e9taire est la soci\u00e9t\u00e9 de leasing, ce qui interdit le changement de propri\u00e9taire ;<\/p>\n<p>3 &#8211; Le kilom\u00e9trage annuel est illimit\u00e9. Tandis qu\u2019avec un leasing, il existe une limite pr\u00e9d\u00e9termin\u00e9e et tout kilom\u00e8tre suppl\u00e9mentaire est factur\u00e9 ;<\/p>\n<p>4 &#8211; Vous pouvez choisir votre propre type d&#8217;assurance automobile, contrairement au leasing qui vous oblige \u00e0 avoir une casco-compl\u00e8te ;<\/p>\n<p>5 &#8211; Vous pouvez d\u00e9duire des imp\u00f4ts, ce qui n&#8217;est pas possible avec le leasing ;<\/p>\n<p>6 &#8211; Vous pouvez faire r\u00e9viser votre voiture quand et o\u00f9 vous voulez, alors que le leasing vous oblige \u00e0 vous rendre dans des garages officiels avec une p\u00e9riodicit\u00e9 constante et o\u00f9 les prix sont g\u00e9n\u00e9ralement plus \u00e9lev\u00e9s ;<\/p>\n<p>7 &#8211; Avec un contrat de leasing, vous devrez payer une amende en cas de r\u00e9siliation anticip\u00e9e du contrat;<\/p>\n<p>8 &#8211; \u00c0 la fin du contrat de leasing, si vous avez l&#8217;intention de conserver le v\u00e9hicule, vous devrez payer une valeur r\u00e9siduelle. Si vous ne voulez pas acheter la voiture, vous devrez la rendre comme neuve, ce qui peut signifier des d\u00e9penses de plusieurs milliers de francs en r\u00e9parations.<\/p>\n<p>&nbsp;<\/p>\n<p>[\/et_pb_text][\/et_pb_column][\/et_pb_row][\/et_pb_section]<\/p>\n","protected":false},"excerpt":{"rendered":"<p>CR\u00c9DIT PERSONNEL OU LEASING ? Saviez-vous que contracter un cr\u00e9dit personnel \u00e0 la place d&#8217;un leasing vous permet de r\u00e9duire le montant de vos imp\u00f4ts ?&nbsp; Si vous avez un contrat de cr\u00e9dit personnel en cours, cela signifie que vous vous \u00eates engag\u00e9 \u00e0 payer un montant minimum fixe chaque mois. Ce montant est compos\u00e9 [&hellip;]<\/p>\n","protected":false},"author":3,"featured_media":0,"parent":0,"menu_order":0,"comment_status":"closed","ping_status":"closed","template":"","meta":{"_et_pb_use_builder":"on","_et_pb_old_content":"","_et_gb_content_width":"","footnotes":""},"class_list":["post-9018","page","type-page","status-publish","hentry"],"yoast_head":"<!-- This site is optimized with the Yoast SEO plugin v27.3 - https:\/\/yoast.com\/product\/yoast-seo-wordpress\/ -->\n<title>Blog - Cr\u00e9dit personnel ou leasing? - Imp\u00e9rio Assurances<\/title>\n<meta name=\"description\" content=\"Saviez-vous que contracter un cr\u00e9dit personnel \u00e0 la place d&#039;un leasing vous permet de r\u00e9duire le montant de vos imp\u00f4ts ?\" \/>\n<meta name=\"robots\" content=\"index, follow, max-snippet:-1, max-image-preview:large, max-video-preview:-1\" \/>\n<link rel=\"canonical\" href=\"https:\/\/imperio.ch\/pt\/credit-personnel-ou-leasing\/\" \/>\n<meta property=\"og:locale\" content=\"pt_PT\" \/>\n<meta property=\"og:type\" content=\"article\" \/>\n<meta property=\"og:title\" content=\"Blog - Cr\u00e9dit personnel ou leasing? - Imp\u00e9rio Assurances\" \/>\n<meta property=\"og:description\" content=\"Saviez-vous que contracter un cr\u00e9dit personnel \u00e0 la place d&#039;un leasing vous permet de r\u00e9duire le montant de vos imp\u00f4ts ?\" \/>\n<meta property=\"og:url\" content=\"https:\/\/imperio.ch\/pt\/credit-personnel-ou-leasing\/\" \/>\n<meta property=\"og:site_name\" content=\"Imp\u00e9rio Assurances\" \/>\n<meta property=\"article:publisher\" content=\"https:\/\/www.facebook.com\/imperiosuisse\/\" \/>\n<meta property=\"article:modified_time\" content=\"2022-03-07T15:31:41+00:00\" \/>\n<meta property=\"og:image\" content=\"https:\/\/imperio.ch\/wp-content\/uploads\/2020\/09\/credito-leasing_blurb-e1639573280892.png\" \/>\n\t<meta property=\"og:image:width\" content=\"600\" \/>\n\t<meta property=\"og:image:height\" content=\"394\" \/>\n\t<meta property=\"og:image:type\" content=\"image\/png\" \/>\n<meta name=\"twitter:card\" content=\"summary_large_image\" \/>\n<meta name=\"twitter:label1\" content=\"Tempo estimado de leitura\" \/>\n\t<meta name=\"twitter:data1\" content=\"3 minutos\" \/>\n<script type=\"application\/ld+json\" class=\"yoast-schema-graph\">{\"@context\":\"https:\\\/\\\/schema.org\",\"@graph\":[{\"@type\":\"WebPage\",\"@id\":\"https:\\\/\\\/imperio.ch\\\/credit-personnel-ou-leasing\\\/\",\"url\":\"https:\\\/\\\/imperio.ch\\\/credit-personnel-ou-leasing\\\/\",\"name\":\"Blog - Cr\u00e9dit personnel ou leasing? - Imp\u00e9rio Assurances\",\"isPartOf\":{\"@id\":\"https:\\\/\\\/imperio.ch\\\/#website\"},\"datePublished\":\"2022-03-04T15:33:49+00:00\",\"dateModified\":\"2022-03-07T15:31:41+00:00\",\"description\":\"Saviez-vous que contracter un cr\u00e9dit personnel \u00e0 la place d'un leasing vous permet de r\u00e9duire le montant de vos imp\u00f4ts ?\",\"breadcrumb\":{\"@id\":\"https:\\\/\\\/imperio.ch\\\/credit-personnel-ou-leasing\\\/#breadcrumb\"},\"inLanguage\":\"pt-PT\",\"potentialAction\":[{\"@type\":\"ReadAction\",\"target\":[\"https:\\\/\\\/imperio.ch\\\/credit-personnel-ou-leasing\\\/\"]}]},{\"@type\":\"BreadcrumbList\",\"@id\":\"https:\\\/\\\/imperio.ch\\\/credit-personnel-ou-leasing\\\/#breadcrumb\",\"itemListElement\":[{\"@type\":\"ListItem\",\"position\":1,\"name\":\"Home\",\"item\":\"https:\\\/\\\/imperio.ch\\\/\"},{\"@type\":\"ListItem\",\"position\":2,\"name\":\"Blog &#8211; Cr\u00e9dit personnel ou leasing?\"}]},{\"@type\":\"WebSite\",\"@id\":\"https:\\\/\\\/imperio.ch\\\/#website\",\"url\":\"https:\\\/\\\/imperio.ch\\\/\",\"name\":\"Imp\u00e9rio Assurances\",\"description\":\"En Suisse depuis 1997\",\"publisher\":{\"@id\":\"https:\\\/\\\/imperio.ch\\\/#organization\"},\"potentialAction\":[{\"@type\":\"SearchAction\",\"target\":{\"@type\":\"EntryPoint\",\"urlTemplate\":\"https:\\\/\\\/imperio.ch\\\/?s={search_term_string}\"},\"query-input\":{\"@type\":\"PropertyValueSpecification\",\"valueRequired\":true,\"valueName\":\"search_term_string\"}}],\"inLanguage\":\"pt-PT\"},{\"@type\":\"Organization\",\"@id\":\"https:\\\/\\\/imperio.ch\\\/#organization\",\"name\":\"Imp\u00e9rio Assurances SA\",\"url\":\"https:\\\/\\\/imperio.ch\\\/\",\"logo\":{\"@type\":\"ImageObject\",\"inLanguage\":\"pt-PT\",\"@id\":\"https:\\\/\\\/imperio.ch\\\/#\\\/schema\\\/logo\\\/image\\\/\",\"url\":\"https:\\\/\\\/imperio.ch\\\/wp-content\\\/uploads\\\/2017\\\/08\\\/Logo-Imperio-2015.jpg\",\"contentUrl\":\"https:\\\/\\\/imperio.ch\\\/wp-content\\\/uploads\\\/2017\\\/08\\\/Logo-Imperio-2015.jpg\",\"width\":4607,\"height\":1043,\"caption\":\"Imp\u00e9rio Assurances SA\"},\"image\":{\"@id\":\"https:\\\/\\\/imperio.ch\\\/#\\\/schema\\\/logo\\\/image\\\/\"},\"sameAs\":[\"https:\\\/\\\/www.facebook.com\\\/imperiosuisse\\\/\"]}]}<\/script>\n<!-- \/ Yoast SEO plugin. -->","yoast_head_json":{"title":"Blog - Cr\u00e9dit personnel ou leasing? - Imp\u00e9rio Assurances","description":"Saviez-vous que contracter un cr\u00e9dit personnel \u00e0 la place d'un leasing vous permet de r\u00e9duire le montant de vos imp\u00f4ts ?","robots":{"index":"index","follow":"follow","max-snippet":"max-snippet:-1","max-image-preview":"max-image-preview:large","max-video-preview":"max-video-preview:-1"},"canonical":"https:\/\/imperio.ch\/pt\/credit-personnel-ou-leasing\/","og_locale":"pt_PT","og_type":"article","og_title":"Blog - Cr\u00e9dit personnel ou leasing? - Imp\u00e9rio Assurances","og_description":"Saviez-vous que contracter un cr\u00e9dit personnel \u00e0 la place d'un leasing vous permet de r\u00e9duire le montant de vos imp\u00f4ts ?","og_url":"https:\/\/imperio.ch\/pt\/credit-personnel-ou-leasing\/","og_site_name":"Imp\u00e9rio Assurances","article_publisher":"https:\/\/www.facebook.com\/imperiosuisse\/","article_modified_time":"2022-03-07T15:31:41+00:00","og_image":[{"width":600,"height":394,"url":"https:\/\/imperio.ch\/wp-content\/uploads\/2020\/09\/credito-leasing_blurb-e1639573280892.png","type":"image\/png"}],"twitter_card":"summary_large_image","twitter_misc":{"Tempo estimado de leitura":"3 minutos"},"schema":{"@context":"https:\/\/schema.org","@graph":[{"@type":"WebPage","@id":"https:\/\/imperio.ch\/credit-personnel-ou-leasing\/","url":"https:\/\/imperio.ch\/credit-personnel-ou-leasing\/","name":"Blog - Cr\u00e9dit personnel ou leasing? - Imp\u00e9rio Assurances","isPartOf":{"@id":"https:\/\/imperio.ch\/#website"},"datePublished":"2022-03-04T15:33:49+00:00","dateModified":"2022-03-07T15:31:41+00:00","description":"Saviez-vous que contracter un cr\u00e9dit personnel \u00e0 la place d'un leasing vous permet de r\u00e9duire le montant de vos imp\u00f4ts ?","breadcrumb":{"@id":"https:\/\/imperio.ch\/credit-personnel-ou-leasing\/#breadcrumb"},"inLanguage":"pt-PT","potentialAction":[{"@type":"ReadAction","target":["https:\/\/imperio.ch\/credit-personnel-ou-leasing\/"]}]},{"@type":"BreadcrumbList","@id":"https:\/\/imperio.ch\/credit-personnel-ou-leasing\/#breadcrumb","itemListElement":[{"@type":"ListItem","position":1,"name":"Home","item":"https:\/\/imperio.ch\/"},{"@type":"ListItem","position":2,"name":"Blog &#8211; Cr\u00e9dit personnel ou leasing?"}]},{"@type":"WebSite","@id":"https:\/\/imperio.ch\/#website","url":"https:\/\/imperio.ch\/","name":"Imp\u00e9rio Assurances","description":"En Suisse depuis 1997","publisher":{"@id":"https:\/\/imperio.ch\/#organization"},"potentialAction":[{"@type":"SearchAction","target":{"@type":"EntryPoint","urlTemplate":"https:\/\/imperio.ch\/?s={search_term_string}"},"query-input":{"@type":"PropertyValueSpecification","valueRequired":true,"valueName":"search_term_string"}}],"inLanguage":"pt-PT"},{"@type":"Organization","@id":"https:\/\/imperio.ch\/#organization","name":"Imp\u00e9rio Assurances SA","url":"https:\/\/imperio.ch\/","logo":{"@type":"ImageObject","inLanguage":"pt-PT","@id":"https:\/\/imperio.ch\/#\/schema\/logo\/image\/","url":"https:\/\/imperio.ch\/wp-content\/uploads\/2017\/08\/Logo-Imperio-2015.jpg","contentUrl":"https:\/\/imperio.ch\/wp-content\/uploads\/2017\/08\/Logo-Imperio-2015.jpg","width":4607,"height":1043,"caption":"Imp\u00e9rio Assurances SA"},"image":{"@id":"https:\/\/imperio.ch\/#\/schema\/logo\/image\/"},"sameAs":["https:\/\/www.facebook.com\/imperiosuisse\/"]}]}},"_links":{"self":[{"href":"https:\/\/imperio.ch\/pt\/wp-json\/wp\/v2\/pages\/9018","targetHints":{"allow":["GET"]}}],"collection":[{"href":"https:\/\/imperio.ch\/pt\/wp-json\/wp\/v2\/pages"}],"about":[{"href":"https:\/\/imperio.ch\/pt\/wp-json\/wp\/v2\/types\/page"}],"author":[{"embeddable":true,"href":"https:\/\/imperio.ch\/pt\/wp-json\/wp\/v2\/users\/3"}],"replies":[{"embeddable":true,"href":"https:\/\/imperio.ch\/pt\/wp-json\/wp\/v2\/comments?post=9018"}],"version-history":[{"count":9,"href":"https:\/\/imperio.ch\/pt\/wp-json\/wp\/v2\/pages\/9018\/revisions"}],"predecessor-version":[{"id":9031,"href":"https:\/\/imperio.ch\/pt\/wp-json\/wp\/v2\/pages\/9018\/revisions\/9031"}],"wp:attachment":[{"href":"https:\/\/imperio.ch\/pt\/wp-json\/wp\/v2\/media?parent=9018"}],"curies":[{"name":"wp","href":"https:\/\/api.w.org\/{rel}","templated":true}]}}