{"id":3917,"date":"2019-07-02T09:38:47","date_gmt":"2019-07-02T07:38:47","guid":{"rendered":"https:\/\/imperio.ch\/?page_id=3917"},"modified":"2025-02-18T15:18:41","modified_gmt":"2025-02-18T14:18:41","slug":"emploi","status":"publish","type":"page","link":"https:\/\/imperio.ch\/es\/emploi\/","title":{"rendered":"Empleo"},"content":{"rendered":"<p>[et_pb_section fb_built=&#8221;1&#8243; _builder_version=&#8221;4.16&#8243; _module_preset=&#8221;default&#8221; locked=&#8221;off&#8221; global_colors_info=&#8221;{}&#8221;][et_pb_row _builder_version=&#8221;4.16&#8243; _module_preset=&#8221;default&#8221; global_colors_info=&#8221;{}&#8221;][et_pb_column type=&#8221;4_4&#8243; _builder_version=&#8221;4.16&#8243; _module_preset=&#8221;default&#8221; global_colors_info=&#8221;{}&#8221;][et_pb_divider show_divider=&#8221;off&#8221; _builder_version=&#8221;4.16&#8243; _module_preset=&#8221;default&#8221; height=&#8221;35px&#8221; global_colors_info=&#8221;{}&#8221;][\/et_pb_divider][\/et_pb_column][\/et_pb_row][\/et_pb_section][et_pb_section fb_built=&#8221;1&#8243; _builder_version=&#8221;4.16&#8243; global_colors_info=&#8221;{}&#8221;][et_pb_row _builder_version=&#8221;4.16&#8243; global_colors_info=&#8221;{}&#8221;][et_pb_column type=&#8221;4_4&#8243; _builder_version=&#8221;4.16&#8243; custom_padding=&#8221;|||&#8221; global_colors_info=&#8221;{}&#8221; custom_padding__hover=&#8221;|||&#8221;][et_pb_text _builder_version=&#8221;4.27.4&#8243; header_text_color=&#8221;#5e5e5e&#8221; hover_enabled=&#8221;0&#8243; z_index_tablet=&#8221;500&#8243; text_text_shadow_horizontal_length_tablet=&#8221;0px&#8221; text_text_shadow_vertical_length_tablet=&#8221;0px&#8221; text_text_shadow_blur_strength_tablet=&#8221;1px&#8221; link_text_shadow_horizontal_length_tablet=&#8221;0px&#8221; link_text_shadow_vertical_length_tablet=&#8221;0px&#8221; link_text_shadow_blur_strength_tablet=&#8221;1px&#8221; ul_text_shadow_horizontal_length_tablet=&#8221;0px&#8221; ul_text_shadow_vertical_length_tablet=&#8221;0px&#8221; ul_text_shadow_blur_strength_tablet=&#8221;1px&#8221; ol_text_shadow_horizontal_length_tablet=&#8221;0px&#8221; ol_text_shadow_vertical_length_tablet=&#8221;0px&#8221; ol_text_shadow_blur_strength_tablet=&#8221;1px&#8221; quote_text_shadow_horizontal_length_tablet=&#8221;0px&#8221; quote_text_shadow_vertical_length_tablet=&#8221;0px&#8221; quote_text_shadow_blur_strength_tablet=&#8221;1px&#8221; header_text_shadow_horizontal_length_tablet=&#8221;0px&#8221; header_text_shadow_vertical_length_tablet=&#8221;0px&#8221; header_text_shadow_blur_strength_tablet=&#8221;1px&#8221; header_2_text_shadow_horizontal_length_tablet=&#8221;0px&#8221; header_2_text_shadow_vertical_length_tablet=&#8221;0px&#8221; header_2_text_shadow_blur_strength_tablet=&#8221;1px&#8221; header_3_text_shadow_horizontal_length_tablet=&#8221;0px&#8221; header_3_text_shadow_vertical_length_tablet=&#8221;0px&#8221; header_3_text_shadow_blur_strength_tablet=&#8221;1px&#8221; header_4_text_shadow_horizontal_length_tablet=&#8221;0px&#8221; header_4_text_shadow_vertical_length_tablet=&#8221;0px&#8221; header_4_text_shadow_blur_strength_tablet=&#8221;1px&#8221; header_5_text_shadow_horizontal_length_tablet=&#8221;0px&#8221; header_5_text_shadow_vertical_length_tablet=&#8221;0px&#8221; header_5_text_shadow_blur_strength_tablet=&#8221;1px&#8221; header_6_text_shadow_horizontal_length_tablet=&#8221;0px&#8221; header_6_text_shadow_vertical_length_tablet=&#8221;0px&#8221; header_6_text_shadow_blur_strength_tablet=&#8221;1px&#8221; box_shadow_horizontal_tablet=&#8221;0px&#8221; box_shadow_vertical_tablet=&#8221;0px&#8221; box_shadow_blur_tablet=&#8221;40px&#8221; box_shadow_spread_tablet=&#8221;0px&#8221; global_colors_info=&#8221;{}&#8221; sticky_enabled=&#8221;0&#8243;]<\/p>\n<p>&nbsp;<\/p>\n<h1 style=\"text-align: left;\"><strong><\/strong><\/h1>\n<h1 style=\"text-align: left;\"><strong>AGENTES COMERCIAIS \u2013 SU\u00cd\u00c7A (M\/F)\u00a0<\/strong><\/h1>\n<p><strong>Estamos a recrutar agentes comerciais!\u00a0 Com ou sem experi\u00eancia!<\/strong><\/p>\n<p>[\/et_pb_text][et_pb_text _builder_version=&#8221;4.27.4&#8243; hover_enabled=&#8221;0&#8243; z_index_tablet=&#8221;500&#8243; text_text_shadow_horizontal_length_tablet=&#8221;0px&#8221; text_text_shadow_vertical_length_tablet=&#8221;0px&#8221; text_text_shadow_blur_strength_tablet=&#8221;1px&#8221; link_text_shadow_horizontal_length_tablet=&#8221;0px&#8221; link_text_shadow_vertical_length_tablet=&#8221;0px&#8221; link_text_shadow_blur_strength_tablet=&#8221;1px&#8221; ul_text_shadow_horizontal_length_tablet=&#8221;0px&#8221; ul_text_shadow_vertical_length_tablet=&#8221;0px&#8221; ul_text_shadow_blur_strength_tablet=&#8221;1px&#8221; ol_text_shadow_horizontal_length_tablet=&#8221;0px&#8221; ol_text_shadow_vertical_length_tablet=&#8221;0px&#8221; ol_text_shadow_blur_strength_tablet=&#8221;1px&#8221; quote_text_shadow_horizontal_length_tablet=&#8221;0px&#8221; quote_text_shadow_vertical_length_tablet=&#8221;0px&#8221; quote_text_shadow_blur_strength_tablet=&#8221;1px&#8221; header_text_shadow_horizontal_length_tablet=&#8221;0px&#8221; header_text_shadow_vertical_length_tablet=&#8221;0px&#8221; header_text_shadow_blur_strength_tablet=&#8221;1px&#8221; header_2_text_shadow_horizontal_length_tablet=&#8221;0px&#8221; header_2_text_shadow_vertical_length_tablet=&#8221;0px&#8221; header_2_text_shadow_blur_strength_tablet=&#8221;1px&#8221; header_3_text_shadow_horizontal_length_tablet=&#8221;0px&#8221; header_3_text_shadow_vertical_length_tablet=&#8221;0px&#8221; header_3_text_shadow_blur_strength_tablet=&#8221;1px&#8221; header_4_text_shadow_horizontal_length_tablet=&#8221;0px&#8221; header_4_text_shadow_vertical_length_tablet=&#8221;0px&#8221; header_4_text_shadow_blur_strength_tablet=&#8221;1px&#8221; header_5_text_shadow_horizontal_length_tablet=&#8221;0px&#8221; header_5_text_shadow_vertical_length_tablet=&#8221;0px&#8221; header_5_text_shadow_blur_strength_tablet=&#8221;1px&#8221; header_6_text_shadow_horizontal_length_tablet=&#8221;0px&#8221; header_6_text_shadow_vertical_length_tablet=&#8221;0px&#8221; header_6_text_shadow_blur_strength_tablet=&#8221;1px&#8221; box_shadow_horizontal_tablet=&#8221;0px&#8221; box_shadow_vertical_tablet=&#8221;0px&#8221; box_shadow_blur_tablet=&#8221;40px&#8221; box_shadow_spread_tablet=&#8221;0px&#8221; global_colors_info=&#8221;{}&#8221; sticky_enabled=&#8221;0&#8243;]<\/p>\n<p>A Imp\u00e9rio faz parte do grupo segurador SMA, que \u00e9 operador de refer\u00eancia no mercado franc\u00eas.<\/p>\n<p>O Grupo SMA, fundado em 1859, conta com 3.000 colaboradores, opera em todas as linhas de neg\u00f3cio Vida e N\u00e3o Vida, tem capitais pr\u00f3prios no valor de 2,1 mil milh\u00f5es de euros e 17 mil milh\u00f5es de euros de ativos sob gest\u00e3o.<br \/>Fruto do processo de internacionaliza\u00e7\u00e3o, a Imp\u00e9rio instalou-se na Su\u00ed\u00e7a em 1997, e tem o estatuto de sucursal da Imp\u00e9rio Assurances et Capitalisation SA, empresa regida pelas leis francesas.<\/p>\n<p>A Imp\u00e9rio baseou a sua atividade e o seu desenvolvimento atrav\u00e9s de uma forma de atuar baseada na constante procura da qualidade dos seus servi\u00e7os, assim como na inova\u00e7\u00e3o, no rigor, na transpar\u00eancia e na proximidade.<\/p>\n<p>Para sustentar o seu desenvolvimento, a Imp\u00e9rio procura atualmente <strong>AGENTES COMERCIAIS<\/strong>, para <strong>trabalhar junto da comunidade portuguesa a residir na Su\u00ed\u00e7a.<\/strong><\/p>\n<p>Quer um desafio onde o seu esfor\u00e7o tem impacto direto nos seus ganhos?<\/p>\n<p>Se \u00e9 din\u00e2mico(a), gosta de falar com pessoas e pretende um trabalho com ganhos proporcionais ao seu esfor\u00e7o, esta oportunidade \u00e9 para si!<\/p>\n<p>Junte-se \u00e0 nossa equipa e ajude a comunidade portuguesa na Su\u00ed\u00e7a a encontrar as melhores solu\u00e7\u00f5es de seguros, cr\u00e9dito e investimento.<\/p>\n<p>\ud83d\udcbc Experi\u00eancia em vendas? \u00d3timo!<\/p>\n<p>\ud83d\ude4c Sem experi\u00eancia? N\u00f3s ensinamos!<\/p>\n<p><strong>A SUA MISS\u00c3O:<\/strong><\/p>\n<p>\u2022 Desenvolver o volume de neg\u00f3cios da companhia<br \/>\u2022 Prospe\u00e7\u00e3o e aquisi\u00e7\u00e3o de novos clientes<br \/>\u2022 Gest\u00e3o e fideliza\u00e7\u00e3o da carteira de clientes<br \/>\u2022 Identifica\u00e7\u00e3o de oportunidades de inova\u00e7\u00e3o e melhoria da gama de produtos<\/p>\n<p><strong>O QUE OFERECEMOS:<\/strong><\/p>\n<p>\u2022 Sal\u00e1rio fixo e comiss\u00f5es muito atrativas<br \/>\u2022 Possibilidade de obter n\u00edveis de rendimento muito elevados<br \/>\u2022 Ambiente motivante, din\u00e2mico e multicultural<br \/>\u2022 Forma\u00e7\u00e3o inicial e cont\u00ednua<br \/>\u2022 Flexibilidade e autonomia na organiza\u00e7\u00e3o do seu trabalho<\/p>\n<p><strong>O SEU PERFIL:<\/strong><\/p>\n<p>\u2022 Forte capacidade de comunica\u00e7\u00e3o e argumenta\u00e7\u00e3o<br \/>\u2022 Motivado, persistente e rigoroso<br \/>\u2022 Muito focado nos objetivos<br \/>\u2022 Com ou sem experi\u00eancia comercial<br \/>\u2022 Conhecimentos da \u00e1rea dos seguros (preferencial)<br \/>\u2022 O conhecimento das l\u00ednguas francesa, alem\u00e3, italiana, espanhola e\/ou inglesa ser\u00e3o uma mais valia<\/p>\n<p>\ud83d\udce9 Envie-nos a sua candidatura atrav\u00e9s do e-mail: <strong>info@imperio.ch<\/strong><\/p>\n<p>[\/et_pb_text][\/et_pb_column][\/et_pb_row][\/et_pb_section]<\/p>\n","protected":false},"excerpt":{"rendered":"<p>&nbsp; AGENTES COMERCIAIS \u2013 SU\u00cd\u00c7A (M\/F)\u00a0 Estamos a recrutar agentes comerciais!\u00a0 Com ou sem experi\u00eancia!A Imp\u00e9rio faz parte do grupo segurador SMA, que \u00e9 operador de refer\u00eancia no mercado franc\u00eas. O Grupo SMA, fundado em 1859, conta com 3.000 colaboradores, opera em todas as linhas de neg\u00f3cio Vida e N\u00e3o Vida, tem capitais pr\u00f3prios no [&hellip;]<\/p>\n","protected":false},"author":1,"featured_media":0,"parent":0,"menu_order":0,"comment_status":"closed","ping_status":"closed","template":"","meta":{"_et_pb_use_builder":"on","_et_pb_old_content":"","_et_gb_content_width":"","footnotes":""},"class_list":["post-3917","page","type-page","status-publish","hentry"],"yoast_head":"<!-- This site is optimized with the Yoast SEO plugin v27.3 - https:\/\/yoast.com\/product\/yoast-seo-wordpress\/ -->\n<title>Imp\u00e9rio Assurances - Gestor Comercial (M\/F)<\/title>\n<meta name=\"description\" content=\"Para contribuir ao desenvolvimento da sua actividade, Imp\u00e9rio Assurances procura actualmente um gestor comercial.\" \/>\n<meta name=\"robots\" content=\"index, follow, max-snippet:-1, max-image-preview:large, max-video-preview:-1\" \/>\n<link rel=\"canonical\" href=\"https:\/\/imperio.ch\/es\/emploi\/\" \/>\n<meta property=\"og:locale\" content=\"es_ES\" \/>\n<meta property=\"og:type\" content=\"article\" \/>\n<meta property=\"og:title\" content=\"Imp\u00e9rio Assurances - Gestor Comercial (M\/F)\" \/>\n<meta property=\"og:description\" content=\"Para contribuir ao desenvolvimento da sua actividade, Imp\u00e9rio Assurances procura actualmente um gestor comercial.\" \/>\n<meta property=\"og:url\" content=\"https:\/\/imperio.ch\/es\/emploi\/\" \/>\n<meta property=\"og:site_name\" content=\"Imp\u00e9rio Assurances\" \/>\n<meta property=\"article:publisher\" content=\"https:\/\/www.facebook.com\/imperiosuisse\/\" \/>\n<meta property=\"article:modified_time\" content=\"2025-02-18T14:18:41+00:00\" \/>\n<meta property=\"og:image\" content=\"https:\/\/imperio.ch\/wp-content\/uploads\/2017\/08\/Quadrado-vermelho-Imp\u00e9rio.jpg\" \/>\n\t<meta property=\"og:image:width\" content=\"458\" \/>\n\t<meta property=\"og:image:height\" content=\"459\" \/>\n\t<meta property=\"og:image:type\" content=\"image\/jpeg\" \/>\n<meta name=\"twitter:card\" content=\"summary_large_image\" \/>\n<meta name=\"twitter:label1\" content=\"Tiempo de lectura\" \/>\n\t<meta name=\"twitter:data1\" content=\"2 minutos\" \/>\n<script type=\"application\/ld+json\" class=\"yoast-schema-graph\">{\"@context\":\"https:\\\/\\\/schema.org\",\"@graph\":[{\"@type\":\"WebPage\",\"@id\":\"https:\\\/\\\/imperio.ch\\\/emploi\\\/\",\"url\":\"https:\\\/\\\/imperio.ch\\\/emploi\\\/\",\"name\":\"Imp\u00e9rio Assurances - Gestor Comercial (M\\\/F)\",\"isPartOf\":{\"@id\":\"https:\\\/\\\/imperio.ch\\\/#website\"},\"datePublished\":\"2019-07-02T07:38:47+00:00\",\"dateModified\":\"2025-02-18T14:18:41+00:00\",\"description\":\"Para contribuir ao desenvolvimento da sua actividade, Imp\u00e9rio Assurances procura actualmente um gestor comercial.\",\"breadcrumb\":{\"@id\":\"https:\\\/\\\/imperio.ch\\\/emploi\\\/#breadcrumb\"},\"inLanguage\":\"es\",\"potentialAction\":[{\"@type\":\"ReadAction\",\"target\":[\"https:\\\/\\\/imperio.ch\\\/emploi\\\/\"]}]},{\"@type\":\"BreadcrumbList\",\"@id\":\"https:\\\/\\\/imperio.ch\\\/emploi\\\/#breadcrumb\",\"itemListElement\":[{\"@type\":\"ListItem\",\"position\":1,\"name\":\"Home\",\"item\":\"https:\\\/\\\/imperio.ch\\\/\"},{\"@type\":\"ListItem\",\"position\":2,\"name\":\"Emploi\"}]},{\"@type\":\"WebSite\",\"@id\":\"https:\\\/\\\/imperio.ch\\\/#website\",\"url\":\"https:\\\/\\\/imperio.ch\\\/\",\"name\":\"Imp\u00e9rio Assurances\",\"description\":\"En Suisse depuis 1997\",\"publisher\":{\"@id\":\"https:\\\/\\\/imperio.ch\\\/#organization\"},\"potentialAction\":[{\"@type\":\"SearchAction\",\"target\":{\"@type\":\"EntryPoint\",\"urlTemplate\":\"https:\\\/\\\/imperio.ch\\\/?s={search_term_string}\"},\"query-input\":{\"@type\":\"PropertyValueSpecification\",\"valueRequired\":true,\"valueName\":\"search_term_string\"}}],\"inLanguage\":\"es\"},{\"@type\":\"Organization\",\"@id\":\"https:\\\/\\\/imperio.ch\\\/#organization\",\"name\":\"Imp\u00e9rio Assurances SA\",\"url\":\"https:\\\/\\\/imperio.ch\\\/\",\"logo\":{\"@type\":\"ImageObject\",\"inLanguage\":\"es\",\"@id\":\"https:\\\/\\\/imperio.ch\\\/#\\\/schema\\\/logo\\\/image\\\/\",\"url\":\"https:\\\/\\\/imperio.ch\\\/wp-content\\\/uploads\\\/2017\\\/08\\\/Logo-Imperio-2015.jpg\",\"contentUrl\":\"https:\\\/\\\/imperio.ch\\\/wp-content\\\/uploads\\\/2017\\\/08\\\/Logo-Imperio-2015.jpg\",\"width\":4607,\"height\":1043,\"caption\":\"Imp\u00e9rio Assurances SA\"},\"image\":{\"@id\":\"https:\\\/\\\/imperio.ch\\\/#\\\/schema\\\/logo\\\/image\\\/\"},\"sameAs\":[\"https:\\\/\\\/www.facebook.com\\\/imperiosuisse\\\/\"]}]}<\/script>\n<!-- \/ Yoast SEO plugin. -->","yoast_head_json":{"title":"Imp\u00e9rio Assurances - Gestor Comercial (M\/F)","description":"Para contribuir ao desenvolvimento da sua actividade, Imp\u00e9rio Assurances procura actualmente um gestor comercial.","robots":{"index":"index","follow":"follow","max-snippet":"max-snippet:-1","max-image-preview":"max-image-preview:large","max-video-preview":"max-video-preview:-1"},"canonical":"https:\/\/imperio.ch\/es\/emploi\/","og_locale":"es_ES","og_type":"article","og_title":"Imp\u00e9rio Assurances - Gestor Comercial (M\/F)","og_description":"Para contribuir ao desenvolvimento da sua actividade, Imp\u00e9rio Assurances procura actualmente um gestor comercial.","og_url":"https:\/\/imperio.ch\/es\/emploi\/","og_site_name":"Imp\u00e9rio Assurances","article_publisher":"https:\/\/www.facebook.com\/imperiosuisse\/","article_modified_time":"2025-02-18T14:18:41+00:00","og_image":[{"width":458,"height":459,"url":"https:\/\/imperio.ch\/wp-content\/uploads\/2017\/08\/Quadrado-vermelho-Imp\u00e9rio.jpg","type":"image\/jpeg"}],"twitter_card":"summary_large_image","twitter_misc":{"Tiempo de lectura":"2 minutos"},"schema":{"@context":"https:\/\/schema.org","@graph":[{"@type":"WebPage","@id":"https:\/\/imperio.ch\/emploi\/","url":"https:\/\/imperio.ch\/emploi\/","name":"Imp\u00e9rio Assurances - Gestor Comercial (M\/F)","isPartOf":{"@id":"https:\/\/imperio.ch\/#website"},"datePublished":"2019-07-02T07:38:47+00:00","dateModified":"2025-02-18T14:18:41+00:00","description":"Para contribuir ao desenvolvimento da sua actividade, Imp\u00e9rio Assurances procura actualmente um gestor comercial.","breadcrumb":{"@id":"https:\/\/imperio.ch\/emploi\/#breadcrumb"},"inLanguage":"es","potentialAction":[{"@type":"ReadAction","target":["https:\/\/imperio.ch\/emploi\/"]}]},{"@type":"BreadcrumbList","@id":"https:\/\/imperio.ch\/emploi\/#breadcrumb","itemListElement":[{"@type":"ListItem","position":1,"name":"Home","item":"https:\/\/imperio.ch\/"},{"@type":"ListItem","position":2,"name":"Emploi"}]},{"@type":"WebSite","@id":"https:\/\/imperio.ch\/#website","url":"https:\/\/imperio.ch\/","name":"Imp\u00e9rio Assurances","description":"En Suisse depuis 1997","publisher":{"@id":"https:\/\/imperio.ch\/#organization"},"potentialAction":[{"@type":"SearchAction","target":{"@type":"EntryPoint","urlTemplate":"https:\/\/imperio.ch\/?s={search_term_string}"},"query-input":{"@type":"PropertyValueSpecification","valueRequired":true,"valueName":"search_term_string"}}],"inLanguage":"es"},{"@type":"Organization","@id":"https:\/\/imperio.ch\/#organization","name":"Imp\u00e9rio Assurances SA","url":"https:\/\/imperio.ch\/","logo":{"@type":"ImageObject","inLanguage":"es","@id":"https:\/\/imperio.ch\/#\/schema\/logo\/image\/","url":"https:\/\/imperio.ch\/wp-content\/uploads\/2017\/08\/Logo-Imperio-2015.jpg","contentUrl":"https:\/\/imperio.ch\/wp-content\/uploads\/2017\/08\/Logo-Imperio-2015.jpg","width":4607,"height":1043,"caption":"Imp\u00e9rio Assurances SA"},"image":{"@id":"https:\/\/imperio.ch\/#\/schema\/logo\/image\/"},"sameAs":["https:\/\/www.facebook.com\/imperiosuisse\/"]}]}},"_links":{"self":[{"href":"https:\/\/imperio.ch\/es\/wp-json\/wp\/v2\/pages\/3917","targetHints":{"allow":["GET"]}}],"collection":[{"href":"https:\/\/imperio.ch\/es\/wp-json\/wp\/v2\/pages"}],"about":[{"href":"https:\/\/imperio.ch\/es\/wp-json\/wp\/v2\/types\/page"}],"author":[{"embeddable":true,"href":"https:\/\/imperio.ch\/es\/wp-json\/wp\/v2\/users\/1"}],"replies":[{"embeddable":true,"href":"https:\/\/imperio.ch\/es\/wp-json\/wp\/v2\/comments?post=3917"}],"version-history":[{"count":47,"href":"https:\/\/imperio.ch\/es\/wp-json\/wp\/v2\/pages\/3917\/revisions"}],"predecessor-version":[{"id":13265,"href":"https:\/\/imperio.ch\/es\/wp-json\/wp\/v2\/pages\/3917\/revisions\/13265"}],"wp:attachment":[{"href":"https:\/\/imperio.ch\/es\/wp-json\/wp\/v2\/media?parent=3917"}],"curies":[{"name":"wp","href":"https:\/\/api.w.org\/{rel}","templated":true}]}}